{"id":256,"date":"2020-01-23T12:12:52","date_gmt":"2020-01-23T11:12:52","guid":{"rendered":"http:\/\/opticswissservices.ch\/?page_id=256"},"modified":"2023-09-13T14:02:24","modified_gmt":"2023-09-13T12:02:24","slug":"gesetzliche-bestimmungen","status":"publish","type":"page","link":"https:\/\/opticswissservices.ch\/de\/gesetzliche-bestimmungen\/","title":{"rendered":"Gesetzliche Bestimmungen"},"content":{"rendered":"\n<p><strong>Herausgeber:<\/strong><\/p>\n\n\n\n<p>Diese Website wird von der Firma Optic Swiss Services SA, Avenue de la Gare 41, 1003 Lausanne, einer im Handelsregister eingetragenen Firma, CHE-100.105.415, betrieben.<\/p>\n\n\n\n<p>Verantwortlich f\u00fcr die Publikation der Website: Xavier Moreau<\/p>\n\n\n\n<p><strong>Hosting:<\/strong><\/p>\n\n\n\n<p>Infomaniak Network SA \u2013 Avenue de la Praille, 26 \u2013 1227 GENF<\/p>\n\n\n\n<p><strong>Webseite erstellt durch:<\/strong><\/p>\n\n\n\n<p>Habefast Group S\u00e0rl, Route de Champ Colin 18, 1260 NYON<\/p>\n\n\n\n<p>Durch die Nutzung und Navigation auf unserer Website erkl\u00e4ren Sie sich mit unseren rechtlichen Hinweisen einverstanden<\/p>\n\n\n\n<h2 class=\"wp-block-heading\">INHALT DER WEBSITE UND GEISTIGES EIGENTUM<\/h2>\n\n\n\n<p>Alle Marken, Fotografien, Texte, Kommentare, Illustrationen, animierte oder nicht animierte Bilder, Videosequenzen, Sounds sowie alle Computeranwendungen, die f\u00fcr den Betrieb dieser Website verwendet werden k\u00f6nnten, und ganz allgemein alle auf der Website reproduzierten oder verwendeten Elemente sind durch die geltenden Gesetze zum Schutz des geistigen Eigentums gesch\u00fctzt. Sie sind das vollst\u00e4ndige und uneingeschr\u00e4nkte Eigentum des Herausgebers oder seiner Partner.<\/p>\n\n\n\n<p>Der gesamte Inhalt dieser Website ist Eigentum des Herausgebers und darf ohne seine vorherige schriftliche Genehmigung nicht in irgendeiner Form oder auf irgendeinem Medium verwendet und\/oder reproduziert werden. Die Logos und Marken auf dieser Website sind gesch\u00fctzt und d\u00fcrfen nicht ohne Genehmigung reproduziert oder verwendet werden.<\/p>\n\n\n\n<p>Jede Reproduktion, Pr\u00e4sentation, Nutzung oder Anpassung, in welcher Form auch immer, aller oder eines Teils dieser Elemente, einschliesslich der Computeranwendungen, ohne die vorherige schriftliche Genehmigung des Herausgebers ist strengstens untersagt. Die Tatsache, dass der Herausgeber bei Kenntnisnahme einer solchen nicht genehmigten Nutzung keine Massnahmen ergreift, bedeutet nicht, dass er diese Nutzung akzeptiert und auf eine Strafverfolgung verzichtet.<\/p>\n\n\n\n<p>Hyperlinks zu dieser Website d\u00fcrfen nur mit vorheriger schriftlicher Genehmigung des Herausgebers eingerichtet werden, der keine Verantwortung f\u00fcr den Inhalt von Websites \u00fcbernimmt, die mit dieser Website verlinkt sind.<\/p>\n\n\n\n<h2 class=\"wp-block-heading\">PERSONENBEZOGENE DATEN<\/h2>\n\n\n\n<p>Wir verpflichten uns, Ihre pers\u00f6nlichen Daten zu sch\u00fctzen. F\u00fcr weitere Informationen dar\u00fcber, wie wir Ihre Daten sammeln, verarbeiten und weitergeben, lesen Sie bitte unsere <a href=\"https:\/\/opticswissservices.ch\/de\/datenschutzrichtlinien\/\">Datenschutzerkl\u00e4rung<\/a>.<\/p>\n\n\n\n<h2 class=\"wp-block-heading\">VERANTWORTUNG<\/h2>\n\n\n\n<p>Optic Swiss Services SA \u00fcbernimmt keine Verantwortung f\u00fcr die Nutzung der Informationen auf dieser Website. Der Inhalt der Website kann technische Ungenauigkeiten, typografische Fehler oder Auslassungen enthalten. Der Inhalt kann ohne vorherige Ank\u00fcndigung ge\u00e4ndert oder aktualisiert werden. Eventuelle Hypertext-Links auf der Website, die Nutzer auf andere Websites verweisen, bedeuten nicht, dass Optic Swiss Services SA f\u00fcr den Inhalt der anderen Websites verantwortlich ist. Verweise von unserer Website auf Websites Dritter stellen keine Empfehlung oder Billigung der dort ge\u00e4usserten Meinungen dar.<\/p>\n\n\n\n<p>Optic Swiss Services SA haftet nicht f\u00fcr direkte oder indirekte Sch\u00e4den, die sich aus der Verbreitung eines Virus durch Dritte \u00fcber unsere Website ergeben, der das Computersystem oder die Computerkonfiguration des Computers des Nutzers infolge der Verbindung, Nutzung, Navigation oder des Herunterladens von dieser Website infizieren kann.<\/p>\n\n\n\n<p>Der Herausgeber haftet nicht f\u00fcr Fehler, Pannen, Schwierigkeiten oder Betriebsunterbrechungen, die den Zugang zur Website oder zu einer ihrer Funktionen verhindern.<\/p>\n\n\n\n<p>Sie sind f\u00fcr die Hardware, die Sie f\u00fcr die Verbindung mit der Website verwenden, verantwortlich. Sie m\u00fcssen alle geeigneten Massnahmen ergreifen, um Ihre Ausr\u00fcstung und Ihre eigenen Daten zu sch\u00fctzen, insbesondere vor Virenangriffen \u00fcber das Internet. Dar\u00fcber hinaus sind Sie allein verantwortlich f\u00fcr die Websites und Daten, die Sie aufrufen.<\/p>\n\n\n\n<p>Der Herausgeber kann nicht haftbar gemacht werden, wenn Sie strafrechtlich verfolgt werden:<\/p>\n\n\n\n<ul class=\"wp-block-list\">\n<li>aufgrund der Nutzung der Website oder jeglicher \u00fcber das Internet zug\u00e4nglicher Dienste<\/li>\n\n\n\n<li>aufgrund der Nichteinhaltung der vorliegenden rechtlichen Hinweise durch Sie.<\/li>\n<\/ul>\n\n\n\n<p>Der Herausgeber haftet nicht f\u00fcr Sch\u00e4den, die Ihnen, Dritten und\/oder Ihrer Ausr\u00fcstung durch Ihre Anmeldung oder Nutzung der Website entstehen, und Sie verzichten auf jegliche Klage gegen den Herausgeber aus diesem Grund.<\/p>\n\n\n\n<p>Durch die Nutzung und Navigation auf unserer Website stimmen Sie ausdr\u00fccklich den Beschr\u00e4nkungen unserer Haftung zu, die sich aus der Nutzung der Website ergeben k\u00f6nnen.<\/p>\n\n\n\n<p>Sollte der Herausgeber aufgrund Ihrer Nutzung der Website Gegenstand eines g\u00fctlichen oder gerichtlichen Verfahrens werden, kann er bei Ihnen Schadensersatz f\u00fcr alle Sch\u00e4den, Betr\u00e4ge, Verurteilungen und Geb\u00fchren geltend machen, die sich aus diesem Verfahren ergeben k\u00f6nnten.<\/p>\n\n\n\n<h2 class=\"wp-block-heading\">FOTOGRAFIEN UND DARSTELLUNG VON PRODUKTEN<\/h2>\n\n\n\n<p>Die Produktfotos, die die Beschreibung der Produkte begleiten, sind nicht vertraglich bindend und stellen keine Verpflichtung des Herausgebers dar.<\/p>\n\n\n\n<h2 class=\"wp-block-heading\">ANWENDBARES RECHT<\/h2>\n\n\n\n<p>Diese rechtlichen Hinweise unterliegen dem Schweizer Recht und der Zust\u00e4ndigkeit der Schweizer Gerichte.<\/p>\n","protected":false},"excerpt":{"rendered":"<p>Herausgeber: Diese Website wird von der Firma Optic Swiss Services SA, Avenue de la Gare 41, 1003 Lausanne, einer im Handelsregister eingetragenen Firma, CHE-100.105.415, betrieben. Verantwortlich f\u00fcr die Publikation der Website: Xavier Moreau Hosting: Infomaniak Network SA \u2013 Avenue de la Praille, 26 \u2013 1227 GENF Webseite erstellt durch: Habefast Group S\u00e0rl, Route de Champ [&hellip;]<\/p>\n","protected":false},"author":1,"featured_media":0,"parent":0,"menu_order":0,"comment_status":"closed","ping_status":"closed","template":"","meta":{"_acf_changed":false,"footnotes":""},"class_list":["post-256","page","type-page","status-publish","hentry"],"acf":[],"yoast_head":"<!-- This site is optimized with the Yoast SEO plugin v27.3 - https:\/\/yoast.com\/product\/yoast-seo-wordpress\/ -->\n<title>Gesetzliche Bestimmungen - Optic Swiss Services<\/title>\n<meta name=\"robots\" content=\"index, follow, max-snippet:-1, max-image-preview:large, max-video-preview:-1\" \/>\n<link rel=\"canonical\" href=\"https:\/\/opticswissservices.ch\/de\/gesetzliche-bestimmungen\/\" \/>\n<meta property=\"og:locale\" content=\"de_DE\" \/>\n<meta property=\"og:type\" content=\"article\" \/>\n<meta property=\"og:title\" content=\"Gesetzliche Bestimmungen - Optic Swiss Services\" \/>\n<meta property=\"og:description\" content=\"Herausgeber: Diese Website wird von der Firma Optic Swiss Services SA, Avenue de la Gare 41, 1003 Lausanne, einer im Handelsregister eingetragenen Firma, CHE-100.105.415, betrieben. Verantwortlich f\u00fcr die Publikation der Website: Xavier Moreau Hosting: Infomaniak Network SA \u2013 Avenue de la Praille, 26 \u2013 1227 GENF Webseite erstellt durch: Habefast Group S\u00e0rl, Route de Champ [&hellip;]\" \/>\n<meta property=\"og:url\" content=\"https:\/\/opticswissservices.ch\/de\/gesetzliche-bestimmungen\/\" \/>\n<meta property=\"og:site_name\" content=\"Optic Swiss Services\" \/>\n<meta property=\"article:modified_time\" content=\"2023-09-13T12:02:24+00:00\" \/>\n<meta name=\"twitter:card\" content=\"summary_large_image\" \/>\n<meta name=\"twitter:label1\" content=\"Gesch\u00e4tzte Lesezeit\" \/>\n\t<meta name=\"twitter:data1\" content=\"4\u00a0Minuten\" \/>\n<script type=\"application\/ld+json\" class=\"yoast-schema-graph\">{\"@context\":\"https:\\\/\\\/schema.org\",\"@graph\":[{\"@type\":\"WebPage\",\"@id\":\"https:\\\/\\\/opticswissservices.ch\\\/de\\\/gesetzliche-bestimmungen\\\/\",\"url\":\"https:\\\/\\\/opticswissservices.ch\\\/de\\\/gesetzliche-bestimmungen\\\/\",\"name\":\"Gesetzliche Bestimmungen - Optic Swiss Services\",\"isPartOf\":{\"@id\":\"https:\\\/\\\/opticswissservices.ch\\\/#website\"},\"datePublished\":\"2020-01-23T11:12:52+00:00\",\"dateModified\":\"2023-09-13T12:02:24+00:00\",\"breadcrumb\":{\"@id\":\"https:\\\/\\\/opticswissservices.ch\\\/de\\\/gesetzliche-bestimmungen\\\/#breadcrumb\"},\"inLanguage\":\"de\",\"potentialAction\":[{\"@type\":\"ReadAction\",\"target\":[\"https:\\\/\\\/opticswissservices.ch\\\/de\\\/gesetzliche-bestimmungen\\\/\"]}]},{\"@type\":\"BreadcrumbList\",\"@id\":\"https:\\\/\\\/opticswissservices.ch\\\/de\\\/gesetzliche-bestimmungen\\\/#breadcrumb\",\"itemListElement\":[{\"@type\":\"ListItem\",\"position\":1,\"name\":\"Home\",\"item\":\"https:\\\/\\\/opticswissservices.ch\\\/de\\\/\"},{\"@type\":\"ListItem\",\"position\":2,\"name\":\"Gesetzliche Bestimmungen\"}]},{\"@type\":\"WebSite\",\"@id\":\"https:\\\/\\\/opticswissservices.ch\\\/#website\",\"url\":\"https:\\\/\\\/opticswissservices.ch\\\/\",\"name\":\"Optic Swiss Services\",\"description\":\"\",\"publisher\":{\"@id\":\"https:\\\/\\\/opticswissservices.ch\\\/#organization\"},\"potentialAction\":[{\"@type\":\"SearchAction\",\"target\":{\"@type\":\"EntryPoint\",\"urlTemplate\":\"https:\\\/\\\/opticswissservices.ch\\\/?s={search_term_string}\"},\"query-input\":{\"@type\":\"PropertyValueSpecification\",\"valueRequired\":true,\"valueName\":\"search_term_string\"}}],\"inLanguage\":\"de\"},{\"@type\":\"Organization\",\"@id\":\"https:\\\/\\\/opticswissservices.ch\\\/#organization\",\"name\":\"Optic Swiss Services\",\"url\":\"https:\\\/\\\/opticswissservices.ch\\\/\",\"logo\":{\"@type\":\"ImageObject\",\"inLanguage\":\"de\",\"@id\":\"https:\\\/\\\/opticswissservices.ch\\\/#\\\/schema\\\/logo\\\/image\\\/\",\"url\":\"https:\\\/\\\/opticswissservices.ch\\\/wp-content\\\/uploads\\\/2025\\\/04\\\/cropped-Fichier-880-1.png\",\"contentUrl\":\"https:\\\/\\\/opticswissservices.ch\\\/wp-content\\\/uploads\\\/2025\\\/04\\\/cropped-Fichier-880-1.png\",\"width\":250,\"height\":251,\"caption\":\"Optic Swiss Services\"},\"image\":{\"@id\":\"https:\\\/\\\/opticswissservices.ch\\\/#\\\/schema\\\/logo\\\/image\\\/\"}}]}<\/script>\n<!-- \/ Yoast SEO plugin. -->","yoast_head_json":{"title":"Gesetzliche Bestimmungen - Optic Swiss Services","robots":{"index":"index","follow":"follow","max-snippet":"max-snippet:-1","max-image-preview":"max-image-preview:large","max-video-preview":"max-video-preview:-1"},"canonical":"https:\/\/opticswissservices.ch\/de\/gesetzliche-bestimmungen\/","og_locale":"de_DE","og_type":"article","og_title":"Gesetzliche Bestimmungen - Optic Swiss Services","og_description":"Herausgeber: Diese Website wird von der Firma Optic Swiss Services SA, Avenue de la Gare 41, 1003 Lausanne, einer im Handelsregister eingetragenen Firma, CHE-100.105.415, betrieben. Verantwortlich f\u00fcr die Publikation der Website: Xavier Moreau Hosting: Infomaniak Network SA \u2013 Avenue de la Praille, 26 \u2013 1227 GENF Webseite erstellt durch: Habefast Group S\u00e0rl, Route de Champ [&hellip;]","og_url":"https:\/\/opticswissservices.ch\/de\/gesetzliche-bestimmungen\/","og_site_name":"Optic Swiss Services","article_modified_time":"2023-09-13T12:02:24+00:00","twitter_card":"summary_large_image","twitter_misc":{"Gesch\u00e4tzte Lesezeit":"4\u00a0Minuten"},"schema":{"@context":"https:\/\/schema.org","@graph":[{"@type":"WebPage","@id":"https:\/\/opticswissservices.ch\/de\/gesetzliche-bestimmungen\/","url":"https:\/\/opticswissservices.ch\/de\/gesetzliche-bestimmungen\/","name":"Gesetzliche Bestimmungen - Optic Swiss Services","isPartOf":{"@id":"https:\/\/opticswissservices.ch\/#website"},"datePublished":"2020-01-23T11:12:52+00:00","dateModified":"2023-09-13T12:02:24+00:00","breadcrumb":{"@id":"https:\/\/opticswissservices.ch\/de\/gesetzliche-bestimmungen\/#breadcrumb"},"inLanguage":"de","potentialAction":[{"@type":"ReadAction","target":["https:\/\/opticswissservices.ch\/de\/gesetzliche-bestimmungen\/"]}]},{"@type":"BreadcrumbList","@id":"https:\/\/opticswissservices.ch\/de\/gesetzliche-bestimmungen\/#breadcrumb","itemListElement":[{"@type":"ListItem","position":1,"name":"Home","item":"https:\/\/opticswissservices.ch\/de\/"},{"@type":"ListItem","position":2,"name":"Gesetzliche Bestimmungen"}]},{"@type":"WebSite","@id":"https:\/\/opticswissservices.ch\/#website","url":"https:\/\/opticswissservices.ch\/","name":"Optic Swiss Services","description":"","publisher":{"@id":"https:\/\/opticswissservices.ch\/#organization"},"potentialAction":[{"@type":"SearchAction","target":{"@type":"EntryPoint","urlTemplate":"https:\/\/opticswissservices.ch\/?s={search_term_string}"},"query-input":{"@type":"PropertyValueSpecification","valueRequired":true,"valueName":"search_term_string"}}],"inLanguage":"de"},{"@type":"Organization","@id":"https:\/\/opticswissservices.ch\/#organization","name":"Optic Swiss Services","url":"https:\/\/opticswissservices.ch\/","logo":{"@type":"ImageObject","inLanguage":"de","@id":"https:\/\/opticswissservices.ch\/#\/schema\/logo\/image\/","url":"https:\/\/opticswissservices.ch\/wp-content\/uploads\/2025\/04\/cropped-Fichier-880-1.png","contentUrl":"https:\/\/opticswissservices.ch\/wp-content\/uploads\/2025\/04\/cropped-Fichier-880-1.png","width":250,"height":251,"caption":"Optic Swiss Services"},"image":{"@id":"https:\/\/opticswissservices.ch\/#\/schema\/logo\/image\/"}}]}},"_links":{"self":[{"href":"https:\/\/opticswissservices.ch\/de\/wp-json\/wp\/v2\/pages\/256","targetHints":{"allow":["GET"]}}],"collection":[{"href":"https:\/\/opticswissservices.ch\/de\/wp-json\/wp\/v2\/pages"}],"about":[{"href":"https:\/\/opticswissservices.ch\/de\/wp-json\/wp\/v2\/types\/page"}],"author":[{"embeddable":true,"href":"https:\/\/opticswissservices.ch\/de\/wp-json\/wp\/v2\/users\/1"}],"replies":[{"embeddable":true,"href":"https:\/\/opticswissservices.ch\/de\/wp-json\/wp\/v2\/comments?post=256"}],"version-history":[{"count":7,"href":"https:\/\/opticswissservices.ch\/de\/wp-json\/wp\/v2\/pages\/256\/revisions"}],"predecessor-version":[{"id":2924,"href":"https:\/\/opticswissservices.ch\/de\/wp-json\/wp\/v2\/pages\/256\/revisions\/2924"}],"wp:attachment":[{"href":"https:\/\/opticswissservices.ch\/de\/wp-json\/wp\/v2\/media?parent=256"}],"curies":[{"name":"wp","href":"https:\/\/api.w.org\/{rel}","templated":true}]}}